{"id":697,"date":"2020-06-04T21:38:47","date_gmt":"2020-06-05T02:38:47","guid":{"rendered":"https:\/\/caribabare.gov.co\/esp\/?page_id=697"},"modified":"2020-12-10T17:24:55","modified_gmt":"2020-12-10T22:24:55","slug":"servicio-de-vacuum","status":"publish","type":"page","link":"https:\/\/caribabare.gov.co\/esp\/servicio-de-vacuum\/","title":{"rendered":"Servicio de Vacuum"},"content":{"rendered":"\t\t<div data-elementor-type=\"wp-page\" data-elementor-id=\"697\" class=\"elementor elementor-697\">\n\t\t\t\t\t\t<div class=\"elementor-inner\">\n\t\t\t\t<div class=\"elementor-section-wrap\">\n\t\t\t\t\t\t\t\t\t<section class=\"elementor-section elementor-top-section elementor-element elementor-element-b31dedf elementor-section-boxed elementor-section-height-default elementor-section-height-default\" data-id=\"b31dedf\" data-element_type=\"section\">\n\t\t\t\t\t\t<div class=\"elementor-container elementor-column-gap-default\">\n\t\t\t\t\t\t\t<div class=\"elementor-row\">\n\t\t\t\t\t<div class=\"elementor-column elementor-col-100 elementor-top-column elementor-element elementor-element-c351ec6\" data-id=\"c351ec6\" data-element_type=\"column\">\n\t\t\t<div class=\"elementor-column-wrap elementor-element-populated\">\n\t\t\t\t\t\t\t<div class=\"elementor-widget-wrap\">\n\t\t\t\t\t\t<div class=\"elementor-element elementor-element-ba4ecac elementor-widget elementor-widget-text-editor\" data-id=\"ba4ecac\" data-element_type=\"widget\" data-widget_type=\"text-editor.default\">\n\t\t\t\t<div class=\"elementor-widget-container\">\n\t\t\t\t\t\t\t\t<div class=\"elementor-text-editor elementor-clearfix\">\n\t\t\t\t<p>Dentro de los servicios que se prestan a trav\u00e9s del Vacuum, se realiza\u00a0 el mantenimiento de sistemas y redes de recolecci\u00f3n de aguas residuales, desobstrucci\u00f3n de drenajes y tuber\u00edas colapsadas por tierra,lodo y piedras, tambi\u00e9n Materiales depositados en tanquillas, sumideros, pozos s\u00e9pticos y trampas de grasa.<\/p><p>Dentro de los servicios que se prestan a trav\u00e9s del Vacuum, se realiza\u00a0 el mantenimiento de sistemas y redes de recolecci\u00f3n de aguas residuales, desobstrucci\u00f3n de drenajes y tuber\u00edas colapsadas por tierra,lodo y piedras, tambi\u00e9n Materiales depositados en tanquillas, sumideros, pozos s\u00e9pticos y trampas de grasa.<\/p>\t\t\t\t\t<\/div>\n\t\t\t\t\t\t<\/div>\n\t\t\t\t<\/div>\n\t\t\t\t\t\t<\/div>\n\t\t\t\t\t<\/div>\n\t\t<\/div>\n\t\t\t\t\t\t\t\t<\/div>\n\t\t\t\t\t<\/div>\n\t\t<\/section>\n\t\t\t\t<section class=\"elementor-section elementor-top-section elementor-element elementor-element-0a28fee elementor-section-boxed elementor-section-height-default elementor-section-height-default\" data-id=\"0a28fee\" data-element_type=\"section\">\n\t\t\t\t\t\t<div class=\"elementor-container elementor-column-gap-default\">\n\t\t\t\t\t\t\t<div class=\"elementor-row\">\n\t\t\t\t\t<div class=\"elementor-column elementor-col-100 elementor-top-column elementor-element elementor-element-11a477e\" data-id=\"11a477e\" data-element_type=\"column\">\n\t\t\t<div class=\"elementor-column-wrap elementor-element-populated\">\n\t\t\t\t\t\t\t<div class=\"elementor-widget-wrap\">\n\t\t\t\t\t\t<div class=\"elementor-element elementor-element-bfb4c05 elementor-widget elementor-widget-image\" data-id=\"bfb4c05\" data-element_type=\"widget\" data-widget_type=\"image.default\">\n\t\t\t\t<div class=\"elementor-widget-container\">\n\t\t\t\t\t\t\t\t<div class=\"elementor-image\">\n\t\t\t\t\t\t\t\t\t\t\t\t\t<a href=\"https:\/\/caribabare.gov.co\/esp\/wp-content\/uploads\/2020\/03\/IMG_4329web-.jpg\" rel=\"nofollow\">\n\t\t\t\t\t\t\t<img decoding=\"async\" width=\"812\" height=\"609\" src=\"https:\/\/caribabare.gov.co\/esp\/wp-content\/uploads\/2020\/03\/IMG_4329web-.jpg\" class=\"attachment-large size-large wp-image-470\" alt=\"Vacuum\" loading=\"lazy\" srcset=\"https:\/\/caribabare.gov.co\/esp\/wp-content\/uploads\/2020\/03\/IMG_4329web-.jpg 1024w, https:\/\/caribabare.gov.co\/esp\/wp-content\/uploads\/2020\/03\/IMG_4329web--300x225.jpg 300w, https:\/\/caribabare.gov.co\/esp\/wp-content\/uploads\/2020\/03\/IMG_4329web--768x576.jpg 768w\" sizes=\"(max-width: 812px) 100vw, 812px\" \/>\t\t\t\t\t\t\t\t<\/a>\n\t\t\t\t\t\t\t\t\t\t\t\t\t\t<\/div>\n\t\t\t\t\t\t<\/div>\n\t\t\t\t<\/div>\n\t\t\t\t\t\t<\/div>\n\t\t\t\t\t<\/div>\n\t\t<\/div>\n\t\t\t\t\t\t\t\t<\/div>\n\t\t\t\t\t<\/div>\n\t\t<\/section>\n\t\t\t\t\t\t\t\t\t<\/div>\n\t\t\t<\/div>\n\t\t\t\t\t<\/div>\n\t\t","protected":false},"excerpt":{"rendered":"<p>Dentro de los servicios que se prestan a trav\u00e9s del Vacuum, se realiza\u00a0 el mantenimiento de sistemas y redes de recolecci\u00f3n de aguas residuales, desobstrucci\u00f3n de drenajes y tuber\u00edas colapsadas por tierra,lodo y piedras, tambi\u00e9n Materiales depositados en tanquillas, sumideros, pozos s\u00e9pticos y trampas de grasa. Dentro de los servicios que se prestan a trav\u00e9s [&hellip;]<\/p>\n","protected":false},"author":1,"featured_media":0,"parent":0,"menu_order":0,"comment_status":"closed","ping_status":"closed","template":"","meta":[],"_links":{"self":[{"href":"https:\/\/caribabare.gov.co\/esp\/wp-json\/wp\/v2\/pages\/697"}],"collection":[{"href":"https:\/\/caribabare.gov.co\/esp\/wp-json\/wp\/v2\/pages"}],"about":[{"href":"https:\/\/caribabare.gov.co\/esp\/wp-json\/wp\/v2\/types\/page"}],"author":[{"embeddable":true,"href":"https:\/\/caribabare.gov.co\/esp\/wp-json\/wp\/v2\/users\/1"}],"replies":[{"embeddable":true,"href":"https:\/\/caribabare.gov.co\/esp\/wp-json\/wp\/v2\/comments?post=697"}],"version-history":[{"count":9,"href":"https:\/\/caribabare.gov.co\/esp\/wp-json\/wp\/v2\/pages\/697\/revisions"}],"predecessor-version":[{"id":1072,"href":"https:\/\/caribabare.gov.co\/esp\/wp-json\/wp\/v2\/pages\/697\/revisions\/1072"}],"wp:attachment":[{"href":"https:\/\/caribabare.gov.co\/esp\/wp-json\/wp\/v2\/media?parent=697"}],"curies":[{"name":"wp","href":"https:\/\/api.w.org\/{rel}","templated":true}]}}