{"id":681,"date":"2020-06-04T21:05:35","date_gmt":"2020-06-05T02:05:35","guid":{"rendered":"https:\/\/caribabare.gov.co\/esp\/?page_id=681"},"modified":"2020-06-04T21:06:31","modified_gmt":"2020-06-05T02:06:31","slug":"aseo","status":"publish","type":"page","link":"https:\/\/caribabare.gov.co\/esp\/aseo\/","title":{"rendered":"Aseo"},"content":{"rendered":"\t\t<div data-elementor-type=\"wp-page\" data-elementor-id=\"681\" class=\"elementor elementor-681\">\n\t\t\t\t\t\t<div class=\"elementor-inner\">\n\t\t\t\t<div class=\"elementor-section-wrap\">\n\t\t\t\t\t\t\t\t\t<section class=\"elementor-section elementor-top-section elementor-element elementor-element-e732dc4 elementor-section-boxed elementor-section-height-default elementor-section-height-default\" data-id=\"e732dc4\" data-element_type=\"section\">\n\t\t\t\t\t\t<div class=\"elementor-container elementor-column-gap-default\">\n\t\t\t\t\t\t\t<div class=\"elementor-row\">\n\t\t\t\t\t<div class=\"elementor-column elementor-col-100 elementor-top-column elementor-element elementor-element-52e29f4\" data-id=\"52e29f4\" data-element_type=\"column\">\n\t\t\t<div class=\"elementor-column-wrap elementor-element-populated\">\n\t\t\t\t\t\t\t<div class=\"elementor-widget-wrap\">\n\t\t\t\t\t\t<div class=\"elementor-element elementor-element-8e99ebd elementor-arrows-position-inside elementor-pagination-position-outside elementor-widget elementor-widget-image-carousel\" data-id=\"8e99ebd\" data-element_type=\"widget\" data-settings=\"{&quot;navigation&quot;:&quot;both&quot;,&quot;autoplay&quot;:&quot;yes&quot;,&quot;pause_on_hover&quot;:&quot;yes&quot;,&quot;pause_on_interaction&quot;:&quot;yes&quot;,&quot;autoplay_speed&quot;:5000,&quot;infinite&quot;:&quot;yes&quot;,&quot;speed&quot;:500}\" data-widget_type=\"image-carousel.default\">\n\t\t\t\t<div class=\"elementor-widget-container\">\n\t\t\t\t\t<div class=\"elementor-image-carousel-wrapper swiper-container\" dir=\"ltr\">\n\t\t\t<div class=\"elementor-image-carousel swiper-wrapper swiper-image-stretch\">\n\t\t\t\t\t\t\t\t<div class=\"swiper-slide\"><figure class=\"swiper-slide-inner\"><img decoding=\"async\" class=\"swiper-slide-image\" src=\"https:\/\/caribabare.gov.co\/esp\/wp-content\/uploads\/2020\/06\/Recolecci\u00f3n-2-150x150.jpg\" alt=\"Recolecci\u00f3n 2\" \/><\/figure><\/div><div class=\"swiper-slide\"><figure class=\"swiper-slide-inner\"><img decoding=\"async\" class=\"swiper-slide-image\" src=\"https:\/\/caribabare.gov.co\/esp\/wp-content\/uploads\/2020\/06\/Barrido-y-Limpieza-5-1-150x150.jpg\" alt=\"Barrido y Limpieza 5\" \/><\/figure><\/div><div class=\"swiper-slide\"><figure class=\"swiper-slide-inner\"><img decoding=\"async\" class=\"swiper-slide-image\" src=\"https:\/\/caribabare.gov.co\/esp\/wp-content\/uploads\/2020\/06\/Recolecci\u00f3n-4-150x150.jpg\" alt=\"Recolecci\u00f3n 4\" \/><\/figure><\/div>\t\t\t<\/div>\n\t\t\t\t\t\t\t\t\t\t\t\t<div class=\"swiper-pagination\"><\/div>\n\t\t\t\t\t\t\t\t\t\t\t\t\t<div class=\"elementor-swiper-button elementor-swiper-button-prev\">\n\t\t\t\t\t\t<i aria-hidden=\"true\" class=\"eicon-chevron-left\"><\/i>\t\t\t\t\t\t<span class=\"elementor-screen-only\">Anterior<\/span>\n\t\t\t\t\t<\/div>\n\t\t\t\t\t<div class=\"elementor-swiper-button elementor-swiper-button-next\">\n\t\t\t\t\t\t<i aria-hidden=\"true\" class=\"eicon-chevron-right\"><\/i>\t\t\t\t\t\t<span class=\"elementor-screen-only\">Siguiente<\/span>\n\t\t\t\t\t<\/div>\n\t\t\t\t\t\t\t\t\t<\/div>\n\t\t\t\t<\/div>\n\t\t\t\t<\/div>\n\t\t\t\t\t\t<\/div>\n\t\t\t\t\t<\/div>\n\t\t<\/div>\n\t\t\t\t\t\t\t\t<\/div>\n\t\t\t\t\t<\/div>\n\t\t<\/section>\n\t\t\t\t<section class=\"elementor-section elementor-top-section elementor-element elementor-element-be082fd elementor-section-boxed elementor-section-height-default elementor-section-height-default\" data-id=\"be082fd\" data-element_type=\"section\">\n\t\t\t\t\t\t<div class=\"elementor-container elementor-column-gap-default\">\n\t\t\t\t\t\t\t<div class=\"elementor-row\">\n\t\t\t\t\t<div class=\"elementor-column elementor-col-100 elementor-top-column elementor-element elementor-element-a21204e\" data-id=\"a21204e\" data-element_type=\"column\">\n\t\t\t<div class=\"elementor-column-wrap elementor-element-populated\">\n\t\t\t\t\t\t\t<div class=\"elementor-widget-wrap\">\n\t\t\t\t\t\t<div class=\"elementor-element elementor-element-f76eef6 elementor-widget elementor-widget-text-editor\" data-id=\"f76eef6\" data-element_type=\"widget\" data-widget_type=\"text-editor.default\">\n\t\t\t\t<div class=\"elementor-widget-container\">\n\t\t\t\t\t\t\t\t<div class=\"elementor-text-editor elementor-clearfix\">\n\t\t\t\t<div class=\"service-single-content pe-wp-default\"><p>Sistema integral de residuos s\u00f3lidos.<span id=\"more-18\"><\/span><\/p><p>Nuestro municipio cuenta con un sistema integral de residuos s\u00f3lidos, el cual es\u00a0orgullo del municipio por cuanto se desarrolla una actividad t\u00e9cnica y controlada en la cual participan los usuarios como n\u00facleo generador y selector de los residuos que se llevan transportan al sistema, en dos rutas as\u00ed:<\/p><p>\u2013 Lunes residuos org\u00e1nicos por las carreras<\/p><p>\u2013 Martes residuos org\u00e1nicos por las calles<\/p><p>\u2013 Mi\u00e9rcoles org\u00e1nico por toda la ciudad<\/p><p>\u2013 Jueves en la horas de la ma\u00f1ana residuos org\u00e1nicos<\/p><p>\u2013 Jueves en la tarde residuos inorg\u00e1nicos<\/p><p>\u2013 Viernes se recepcionan los residuos de origen inorg\u00e1nico<\/p><p>De esta manera, se facilita la labor de separaci\u00f3n de los excedentes y se procede al reciclaje y aprovechamiento de algunos de los residuos para posteriormente disponer la fracci\u00f3n inservible en las celdas de transici\u00f3n ubicadas en el SMIRS.<\/p><\/div>\t\t\t\t\t<\/div>\n\t\t\t\t\t\t<\/div>\n\t\t\t\t<\/div>\n\t\t\t\t\t\t<\/div>\n\t\t\t\t\t<\/div>\n\t\t<\/div>\n\t\t\t\t\t\t\t\t<\/div>\n\t\t\t\t\t<\/div>\n\t\t<\/section>\n\t\t\t\t\t\t\t\t\t<\/div>\n\t\t\t<\/div>\n\t\t\t\t\t<\/div>\n\t\t","protected":false},"excerpt":{"rendered":"<p>Anterior Siguiente Sistema integral de residuos s\u00f3lidos. Nuestro municipio cuenta con un sistema integral de residuos s\u00f3lidos, el cual es\u00a0orgullo del municipio por cuanto se desarrolla una actividad t\u00e9cnica y controlada en la cual participan los usuarios como n\u00facleo generador y selector de los residuos que se llevan transportan al sistema, en dos rutas as\u00ed: [&hellip;]<\/p>\n","protected":false},"author":1,"featured_media":0,"parent":0,"menu_order":0,"comment_status":"closed","ping_status":"closed","template":"elementor_header_footer","meta":[],"_links":{"self":[{"href":"https:\/\/caribabare.gov.co\/esp\/wp-json\/wp\/v2\/pages\/681"}],"collection":[{"href":"https:\/\/caribabare.gov.co\/esp\/wp-json\/wp\/v2\/pages"}],"about":[{"href":"https:\/\/caribabare.gov.co\/esp\/wp-json\/wp\/v2\/types\/page"}],"author":[{"embeddable":true,"href":"https:\/\/caribabare.gov.co\/esp\/wp-json\/wp\/v2\/users\/1"}],"replies":[{"embeddable":true,"href":"https:\/\/caribabare.gov.co\/esp\/wp-json\/wp\/v2\/comments?post=681"}],"version-history":[{"count":3,"href":"https:\/\/caribabare.gov.co\/esp\/wp-json\/wp\/v2\/pages\/681\/revisions"}],"predecessor-version":[{"id":693,"href":"https:\/\/caribabare.gov.co\/esp\/wp-json\/wp\/v2\/pages\/681\/revisions\/693"}],"wp:attachment":[{"href":"https:\/\/caribabare.gov.co\/esp\/wp-json\/wp\/v2\/media?parent=681"}],"curies":[{"name":"wp","href":"https:\/\/api.w.org\/{rel}","templated":true}]}}