{"id":564,"date":"2020-03-16T23:47:18","date_gmt":"2020-03-16T23:47:18","guid":{"rendered":"https:\/\/caribabare.gov.co\/esp\/?page_id=564"},"modified":"2021-10-15T18:05:14","modified_gmt":"2021-10-15T23:05:14","slug":"historia","status":"publish","type":"page","link":"https:\/\/caribabare.gov.co\/esp\/historia\/","title":{"rendered":"Historia"},"content":{"rendered":"\t\t<div data-elementor-type=\"wp-page\" data-elementor-id=\"564\" class=\"elementor elementor-564\">\n\t\t\t\t\t\t<div class=\"elementor-inner\">\n\t\t\t\t<div class=\"elementor-section-wrap\">\n\t\t\t\t\t\t\t\t\t<section class=\"elementor-section elementor-top-section elementor-element elementor-element-135c016 elementor-section-boxed elementor-section-height-default elementor-section-height-default\" data-id=\"135c016\" data-element_type=\"section\">\n\t\t\t\t\t\t<div class=\"elementor-container elementor-column-gap-default\">\n\t\t\t\t\t\t\t<div class=\"elementor-row\">\n\t\t\t\t\t<div class=\"elementor-column elementor-col-100 elementor-top-column elementor-element elementor-element-f9c05c5\" data-id=\"f9c05c5\" data-element_type=\"column\">\n\t\t\t<div class=\"elementor-column-wrap elementor-element-populated\">\n\t\t\t\t\t\t\t<div class=\"elementor-widget-wrap\">\n\t\t\t\t\t\t<div class=\"elementor-element elementor-element-1e6d379 elementor-widget elementor-widget-heading\" data-id=\"1e6d379\" data-element_type=\"widget\" data-widget_type=\"heading.default\">\n\t\t\t\t<div class=\"elementor-widget-container\">\n\t\t\t<h2 class=\"elementor-heading-title elementor-size-default\">Rese\u00f1a Hist\u00f3rica Empresa De Servicios P\u00fablicos De Tame <\/h2>\t\t<\/div>\n\t\t\t\t<\/div>\n\t\t\t\t\t\t<\/div>\n\t\t\t\t\t<\/div>\n\t\t<\/div>\n\t\t\t\t\t\t\t\t<\/div>\n\t\t\t\t\t<\/div>\n\t\t<\/section>\n\t\t\t\t<section class=\"elementor-section elementor-top-section elementor-element elementor-element-345f527 elementor-section-boxed elementor-section-height-default elementor-section-height-default\" data-id=\"345f527\" data-element_type=\"section\">\n\t\t\t\t\t\t<div class=\"elementor-container elementor-column-gap-default\">\n\t\t\t\t\t\t\t<div class=\"elementor-row\">\n\t\t\t\t\t<div class=\"elementor-column elementor-col-100 elementor-top-column elementor-element elementor-element-e9c6b9a\" data-id=\"e9c6b9a\" data-element_type=\"column\">\n\t\t\t<div class=\"elementor-column-wrap elementor-element-populated\">\n\t\t\t\t\t\t\t<div class=\"elementor-widget-wrap\">\n\t\t\t\t\t\t<div class=\"elementor-element elementor-element-b531dfb elementor-widget elementor-widget-text-editor\" data-id=\"b531dfb\" data-element_type=\"widget\" data-widget_type=\"text-editor.default\">\n\t\t\t\t<div class=\"elementor-widget-container\">\n\t\t\t\t\t\t\t\t<div class=\"elementor-text-editor elementor-clearfix\">\n\t\t\t\t<p>Hacia el a\u00f1o de <b>1.962 inici\u00f3<\/b> operaciones el acueducto tomado del ca\u00f1o Naranjito, con tuber\u00eda de conducci\u00f3n de 6\u201d en caudal de 10 LPS para m\u00e1s o menos 200 familias, paralelamente se construy\u00f3 el alcantarillado para la zona m\u00e1s c\u00e9ntrica del pueblo entregando las aguas servidas directamente del ca\u00f1o Gualabao. En este tiempo los servicios de acueducto y alcantarillado fueron administrados por la empresa de acueducto de Norte de Santander \u201cAcuanorte\u201d. La prestaci\u00f3n de los servicios de acueducto y alcantarillado tambi\u00e9n fueron administrados por la empresa de servicios p\u00fablicos de Arauca \u201cEmpoarauca\u201d.<\/p><p>En <b>1.979 se construy\u00f3 el Acueducto Municipal del r\u00edo Tame<\/b> con tuber\u00eda de conducci\u00f3n de 12\u201d planta de tratamiento circular compacta de 45 LPS y tanque de almacenamiento de 1200 m3. Mediante Acuerdo No 003 del 02 febrero de 1989 el Concejo Municipal cre\u00f3 la Empresa Municipal de Servicios P\u00fablicos de Tame como un establecimiento P\u00fablico del orden Municipal adscrito al despacho del Alcalde dotado de personer\u00eda Jur\u00eddica, autonom\u00eda administrativa y patrimonio independiente. A partir de esta fecha la empresa asumi\u00f3 los servicios de acueducto, alcantarillado y aseo.<\/p><p>De igual manera en 1.991 se ampli\u00f3 el servicio de alcantarillado construyendo 2 emisarios finales y 2 piscinas de oxidaci\u00f3n con vertientes al ca\u00f1o Gualabao y la Itibana. Por su parte el servicio de aseo fue reforzado con la adquisici\u00f3n de un carro compactador de 4 toneladas y se construy\u00f3 el relleno sanitario. Con el acuerdo No 010 del <b>05 de junio de 1.996 el Concejo Municipal y atendiendo los requerimientos de la Ley 142\/94, transforma la Empresa Municipal de Servicios P\u00fablicos en Empresa Industrial y Comercial del estado<u><i> \u201cCaribabare De Tame E.S.P.\u201c<\/i><\/u><\/b> la cual se legaliz\u00f3 y entr\u00f3 a operar como tal en enero de 1.997 administrando los tres servicios.<\/p><p>En el a\u00f1o de <b>1.997 se ampli\u00f3 el acueducto<\/b> con la construcci\u00f3n de otra l\u00ednea de 12\u201d y se ha venido construyendo una planta de tratamiento para 135 LPS de la cual se puso en funcionamiento 2\/3 partes (90 LPS). En 1.998 tambi\u00e9n se construy\u00f3 un tanque de almacenamiento para 1400 m3. El servicio de aseo se ha venido prestando con dos carros compactadores que prestan el servicio de recolecci\u00f3n de residuos s\u00f3lidos para luego ser depositados en el relleno sanitario. Este relleno por el crecimiento del pueblo se encuentra ubicado dentro del per\u00edmetro urbano zona de expansi\u00f3n residencial.<\/p><p>El 21 de abril del a\u00f1o 2003, se inician labores de manejo integral de los residuos s\u00f3lidos, en el sitio ubicado en el Km. 13 v\u00eda Tame \u2013 la Cabuya, predios del sitio Casa Roja, de propiedad de la Empresa. En el a\u00f1o 2009 se inicia el proceso de dise\u00f1o y construcci\u00f3n del Relleno Sanitario Regional en el predio ubicado en la vereda Corocito. En el a\u00f1o 2010 se realiza el proceso de automatizaci\u00f3n de la planta de tratamiento de agua, permitiendo un proceso m\u00e1s confiable, \u00e1gil y eficiente en el tratamiento del preciado l\u00edquido.<\/p><p>El 11 de noviembre de 2011 la empresa Bureau Veritas Certification, otorga el certificado de calidad con fundamento en la norma t\u00e9cnica Colombiana NTC ISO 9001:2008, cuyo alcance esta dado para la \u201cproducci\u00f3n de agua potable y prestaci\u00f3n de los servicios p\u00fablicos domiciliarios de acueducto, alcantarillado, recolecci\u00f3n y transporte de residuos s\u00f3lidos\u201d.<\/p><p><b><i>\u00a0<\/i><\/b><\/p><p><b><i>Etapas de La Empresa de Servicios P\u00fablicos de Tame CARIBABARE E.S.P<\/i><\/b><\/p><p><b>Etapa Acuanorte<\/b>: En este periodo el servicio de acueducto de la Empresa era administrado por la Empresa Acuanorte de la ciudad de C\u00facuta, quien hacia tal proceso a trav\u00e9s de una planta de personal reducida a tres personas quienes supl\u00edan las operaciones de administraci\u00f3n y mantenimiento de redes, dada la escaza cobertura que se ten\u00eda.<\/p><p><b>Etapa Empoarauca<\/b>: En este momento hist\u00f3rico de la Empresa, la administraci\u00f3n se hac\u00eda a trav\u00e9s de la Empresa EMPOARAUCA, con sede en la ciudad de Arauca, la Empresa fue ampliando su planta de a un total de 8 personas, en este periodo se construye el acueducto Municipal del r\u00edo Tame el cual funciona actualmente.<\/p><p><b>Etapa de Descentralizaci\u00f3n<\/b>: En esta etapa la Empresa toma un nuevo rumbo gracias a la firma del acuerdo N. 003 del 02 febrero de 1989 mediante el cual el Concejo Municipal crea la Empresa Municipal de Servicios P\u00fablicos de Tame como un establecimiento P\u00fablico del orden Municipal adscrito al despacho del Alcalde dotado de personer\u00eda Jur\u00eddica, autonom\u00eda administrativa y patrimonio independiente. A partir de esta fecha la empresa asume los servicios de acueducto, alcantarillado y aseo. Se ampl\u00eda el servicio de alcantarillado construyendo 2 colectores finales y 2 lagunas de oxidaci\u00f3n. El servicio de recolecci\u00f3n de residuos se refuerza con la adquisici\u00f3n de un carro compactador de 4 toneladas y la construcci\u00f3n del relleno sanitario.<\/p><p><b>Etapa Eice<\/b>: El hecho m\u00e1s relevante de esta etapa se da con la firma del acuerdo No 010 del 05 de junio de 1.996 el Concejo Municipal mediante el cual y atendiendo a los requerimientos de la Ley 142\/94, transforma la Empresa Municipal de Servicios P\u00fablicos en Empresa Industrial y Comercial del estado \u201cCaribabare De Tame E.S.P., la cual entr\u00f3 a operar como tal en enero de 1997 administrando los tres servicios. <br \/>En esta etapa se conforma el sindicato de empleados p\u00fablicos y trabajadores oficiales del municipio de Tame SINDEPOT, al cual se encontrar\u00edan adscritos los trabajadores de la Empresa. En esta etapa se da un proceso de transici\u00f3n del personal el cual alcanzaba las 30 personas, las cuales pasan de ser empleados p\u00fablicos, a ser trabajadores oficiales, para lo cual pierden sus derechos como trabajadores inscritos en el sistema de carrera administrativa. <\/p><p>En este periodo la Empresa ampl\u00eda su sistema de acueducto con la construcci\u00f3n de otra l\u00ednea de 12\u201d y construye una planta de tratamiento para 135 LPS y un tanque de almacenamiento para 1400 m3. Para el a\u00f1o 2003, la empresa inicia el proyecto del Sistema de Manejo Integral de Residuos S\u00f3lidos \u2013 SMIRS, de la mano de la campa\u00f1a de separaci\u00f3n de residuos s\u00f3lidos en la fuente, logrando culturizar a los habitantes del municipio en el tema de separaci\u00f3n de residuos org\u00e1nicos e inorg\u00e1nicos, estableciendo rutas de recolecci\u00f3n seg\u00fan el tipo de residuos.<\/p><p>La Empresa se convierte en modelo a nivel departamental y nacional por sus buenas pr\u00e1cticas de prestaci\u00f3n del servicio. La planta de personal se incrementa a 45 trabajadores. En el a\u00f1o 2007 se obtiene el galard\u00f3n la Gota De Oro, gracias a la campa\u00f1a de la Empresa por el cuidado y preservaci\u00f3n de la fuente h\u00eddrica El Gualabao.<\/p><p><b>Etapa de Modernizaci\u00f3n<\/b>: Inicia en el a\u00f1o 2008, con la puesta en marcha de un sistema de reingenier\u00eda y modernizaci\u00f3n en sus procesos. En la actualidad la empresa de servicios p\u00fablicos de Tame muestra grandes avances y logros que la llevan a consolidarse como la n\u00famero uno del departamento de Arauca. La Empresa inicia un proceso de reestructuraci\u00f3n en su planta de personal, ajuste salarial, puesta en marcha de los Programas de Salud Ocupacional y Bienestar laboral.<\/p><p>La Empresa cambia de sede administrativa, ubic\u00e1ndose en instalaciones propias a su vez adquiere un terreno adjunto donde construye su moderno edificio. Se logran los m\u00e1s altos est\u00e1ndares en los \u00cdndices de Riesgo en la Calidad del Agua \u2013 IRCA, convirti\u00e9ndose en el agua mejor tratada en el departamento de Arauca. El proceso de culturizaci\u00f3n en cuanto al proceso de separaci\u00f3n de residuos en la fuente, se intensifica, el cual da paso a la administraci\u00f3n por parte de la Empresa del Programa escobitas el cual realiza la actividad de barrido y limpieza de \u00e1reas p\u00fablicas, as\u00ed como, la planeaci\u00f3n para la construcci\u00f3n del relleno sanitario regional Los Macaguanes. Tambi\u00e9n se inicia el proceso de recolecci\u00f3n de residuos en los principales centros poblados del municipio para contrarrestar la problem\u00e1tica presentada por los botaderos a cielo abierto.<\/p><p>La planta de tratamiento de agua es automatizada, logrando la inserci\u00f3n de modernos equipos que permiten un control en l\u00ednea de cada uno de los subprocesos de dicha unidad y un proceso m\u00e1s \u00e1gil y eficiente. Se logra un sistema que permite que los habitantes del municipio de Tame consuman la mejor agua y al menor precio en el departamento de Arauca. La Empresa en su proceso de expansi\u00f3n, constituye y se hace socio mayoritario de la Empresa de Servicios P\u00fablicos del Municipio de Cravo Norte El Jag\u00fcey. <\/p><p>La Empresa adquiere dos nuevos veh\u00edculos recolectores, una camioneta tipo turbo, cuatro motocicletas dotados con trineo y un veh\u00edculo vacuum, con el \u00e1nimo de lograr una mayor eficiencia en la prestaci\u00f3n de sus servicios. En el a\u00f1o 2010 mediante acuerdo municipal se asigna a la Empresa la administraci\u00f3n del servicio de Alumbrado P\u00fablico, logrando mediante su operaci\u00f3n el mantenimiento, modernizaci\u00f3n y reposici\u00f3n de luminarias para dar un cubrimiento total en el \u00e1rea urbana del municipio.<\/p><p>Se obtiene la certificaci\u00f3n con fundamento en la norma T\u00e9cnica Colombiana ISO 9001:2008, otorgado por la firma Bureau Veritas internacional el 11 de noviembre de 2011. La Empresa construye dos sistemas de acueductos veredales y uno en el centro poblado de Puerto Jord\u00e1n. La planta de personal de la Empresa se incrementa a 89 personas.<\/p><p>Y nuestra historia sigue escribiendose d\u00eda a d\u00eda&#8230;<\/p>\t\t\t\t\t<\/div>\n\t\t\t\t\t\t<\/div>\n\t\t\t\t<\/div>\n\t\t\t\t\t\t<\/div>\n\t\t\t\t\t<\/div>\n\t\t<\/div>\n\t\t\t\t\t\t\t\t<\/div>\n\t\t\t\t\t<\/div>\n\t\t<\/section>\n\t\t\t\t\t\t\t\t\t<\/div>\n\t\t\t<\/div>\n\t\t\t\t\t<\/div>\n\t\t","protected":false},"excerpt":{"rendered":"<p>Rese\u00f1a Hist\u00f3rica Empresa De Servicios P\u00fablicos De Tame Hacia el a\u00f1o de 1.962 inici\u00f3 operaciones el acueducto tomado del ca\u00f1o Naranjito, con tuber\u00eda de conducci\u00f3n de 6\u201d en caudal de 10 LPS para m\u00e1s o menos 200 familias, paralelamente se construy\u00f3 el alcantarillado para la zona m\u00e1s c\u00e9ntrica del pueblo entregando las aguas servidas directamente [&hellip;]<\/p>\n","protected":false},"author":1,"featured_media":0,"parent":0,"menu_order":0,"comment_status":"closed","ping_status":"closed","template":"","meta":[],"_links":{"self":[{"href":"https:\/\/caribabare.gov.co\/esp\/wp-json\/wp\/v2\/pages\/564"}],"collection":[{"href":"https:\/\/caribabare.gov.co\/esp\/wp-json\/wp\/v2\/pages"}],"about":[{"href":"https:\/\/caribabare.gov.co\/esp\/wp-json\/wp\/v2\/types\/page"}],"author":[{"embeddable":true,"href":"https:\/\/caribabare.gov.co\/esp\/wp-json\/wp\/v2\/users\/1"}],"replies":[{"embeddable":true,"href":"https:\/\/caribabare.gov.co\/esp\/wp-json\/wp\/v2\/comments?post=564"}],"version-history":[{"count":7,"href":"https:\/\/caribabare.gov.co\/esp\/wp-json\/wp\/v2\/pages\/564\/revisions"}],"predecessor-version":[{"id":1296,"href":"https:\/\/caribabare.gov.co\/esp\/wp-json\/wp\/v2\/pages\/564\/revisions\/1296"}],"wp:attachment":[{"href":"https:\/\/caribabare.gov.co\/esp\/wp-json\/wp\/v2\/media?parent=564"}],"curies":[{"name":"wp","href":"https:\/\/api.w.org\/{rel}","templated":true}]}}