{"id":1345,"date":"2021-11-12T17:00:27","date_gmt":"2021-11-12T22:00:27","guid":{"rendered":"https:\/\/caribabare.gov.co\/esp\/?page_id=1345"},"modified":"2022-09-29T10:38:55","modified_gmt":"2022-09-29T15:38:55","slug":"trabaje-con-nosotros","status":"publish","type":"page","link":"https:\/\/caribabare.gov.co\/esp\/trabaje-con-nosotros\/","title":{"rendered":"TRABAJE CON NOSOTROS"},"content":{"rendered":"\t\t<div data-elementor-type=\"wp-page\" data-elementor-id=\"1345\" class=\"elementor elementor-1345\">\n\t\t\t\t\t\t<div class=\"elementor-inner\">\n\t\t\t\t<div class=\"elementor-section-wrap\">\n\t\t\t\t\t\t\t\t\t<section class=\"elementor-section elementor-top-section elementor-element elementor-element-007c47c elementor-section-boxed elementor-section-height-default elementor-section-height-default\" data-id=\"007c47c\" data-element_type=\"section\">\n\t\t\t\t\t\t<div class=\"elementor-container elementor-column-gap-default\">\n\t\t\t\t\t\t\t<div class=\"elementor-row\">\n\t\t\t\t\t<div class=\"elementor-column elementor-col-100 elementor-top-column elementor-element elementor-element-e2735dd\" data-id=\"e2735dd\" data-element_type=\"column\">\n\t\t\t<div class=\"elementor-column-wrap\">\n\t\t\t\t\t\t\t<div class=\"elementor-widget-wrap\">\n\t\t\t\t\t\t\t\t<\/div>\n\t\t\t\t\t<\/div>\n\t\t<\/div>\n\t\t\t\t\t\t\t\t<\/div>\n\t\t\t\t\t<\/div>\n\t\t<\/section>\n\t\t\t\t<section class=\"elementor-section elementor-top-section elementor-element elementor-element-f8247c8 elementor-section-boxed elementor-section-height-default elementor-section-height-default\" data-id=\"f8247c8\" data-element_type=\"section\">\n\t\t\t\t\t\t<div class=\"elementor-container elementor-column-gap-default\">\n\t\t\t\t\t\t\t<div class=\"elementor-row\">\n\t\t\t\t\t<div class=\"elementor-column elementor-col-100 elementor-top-column elementor-element elementor-element-f041d86\" data-id=\"f041d86\" data-element_type=\"column\">\n\t\t\t<div class=\"elementor-column-wrap elementor-element-populated\">\n\t\t\t\t\t\t\t<div class=\"elementor-widget-wrap\">\n\t\t\t\t\t\t<div class=\"elementor-element elementor-element-9d5f47c elementor-widget elementor-widget-shortcode\" data-id=\"9d5f47c\" data-element_type=\"widget\" data-widget_type=\"shortcode.default\">\n\t\t\t\t<div class=\"elementor-widget-container\">\n\t\t\t\t\t<div class=\"elementor-shortcode\"><div class=\"forminator-ui forminator-custom-form forminator-custom-form-1352 forminator-design--bold  forminator_ajax\" data-forminator-render=\"0\" data-form=\"forminator-module-1352\"><br\/><\/div><form\n\t\t\t\tid=\"forminator-module-1352\"\n\t\t\t\tclass=\"forminator-ui forminator-custom-form forminator-custom-form-1352 forminator-design--bold  forminator_ajax\"\n\t\t\t\tmethod=\"post\"\n\t\t\t\tdata-forminator-render=\"0\"\n\t\t\t\tdata-form-id=\"1352\"\n\t\t\t\t\n\t\t\t\tdata-design=\"bold\"\n\t\t\t\t\n\t\t\t\t\n\t\t\t\t\n\t\t\t\tdata-grid=\"open\"\n\t\t\t\tenctype=\"multipart\/form-data\"\n\t\t\t\t\n\t\t\t\tstyle=\"display: none;\"\n\t\t\t><div class=\"forminator-response-message forminator-error\" aria-hidden=\"true\"><\/div><div class=\"forminator-row\"><div id=\"section-1\" class=\"forminator-col forminator-col-12 \"><div class=\"forminator-field\"><h2 class=\"forminator-title\">Postula Tu Hoja de Vida<\/h2><h3 class=\"forminator-subtitle\">Ingresa tus datos personales y adjunta tu hoja de vida o curr\u00edculum en formatos .pdf, .doc o .docx. El tama\u00f1o m\u00e1ximo permitido es de 5 mb.<\/h3><\/div><\/div><\/div><div class=\"forminator-row\"><div id=\"name-1\" class=\"forminator-col forminator-col-6 \"><div class=\"forminator-field\"><label for=\"forminator-field-name-1\" class=\"forminator-label\">Nombre Completo <span class=\"forminator-required\">*<\/span><\/label><input type=\"text\" name=\"name-1\" value=\"\" placeholder=\"Ejemplo: Juan P\u00e9rez\" id=\"forminator-field-name-1\" class=\"forminator-input forminator-name--field\" aria-required=\"true\" \/><\/div><\/div><div id=\"number-1\" class=\"forminator-col forminator-col-6 \"><div class=\"forminator-field\"><label for=\"forminator-field-number-1\" class=\"forminator-label\">Cedula de Identidad <span class=\"forminator-required\">*<\/span><\/label><input name=\"number-1\" value=\"\" placeholder=\"1111111111\" id=\"forminator-field-number-1\" class=\"forminator-input forminator-number--field\" inputmode=\"decimal\" data-required=\"1\" data-decimals=\"0\" aria-required=\"true\" data-inputmask=\"'groupSeparator': '', 'radixPoint': '', 'digits': '0'\" type=\"number\" \/><\/div><\/div><\/div><div class=\"forminator-row\"><div id=\"email-1\" class=\"forminator-col forminator-col-6 \"><div class=\"forminator-field\"><label for=\"forminator-field-email-1\" class=\"forminator-label\">Correo electr\u00f3nico <span class=\"forminator-required\">*<\/span><\/label><input type=\"email\" name=\"email-1\" value=\"\" placeholder=\"Ej . : john@gmail.com\" id=\"forminator-field-email-1\" class=\"forminator-input forminator-email--field\" data-required=\"1\" aria-required=\"true\" \/><\/div><\/div><div id=\"phone-1\" class=\"forminator-col forminator-col-6 \"><div class=\"forminator-field\"><label for=\"forminator-field-phone-1\" class=\"forminator-label\">Tel\u00e9fono <span class=\"forminator-required\">*<\/span><\/label><input type=\"text\" name=\"phone-1\" value=\"\" placeholder=\"Ejemplo: +7 300 400 5000\" id=\"forminator-field-phone-1\" class=\"forminator-input forminator-field--phone\" data-required=\"1\" aria-required=\"true\" autocomplete=\"off\" \/><\/div><\/div><\/div><div class=\"forminator-row\"><div id=\"address-1\" class=\"forminator-col forminator-col-12 \"><div class=\"forminator-row\"><div class=\"forminator-col\"><div class=\"forminator-field\"><label for=\"forminator-field-street_address-address-1\" class=\"forminator-label\">Direcci\u00f3n<\/label><input type=\"text\" name=\"address-1-street_address\" placeholder=\"Ejemplo: Carrera 18 # 15 - 68\" id=\"forminator-field-street_address-address-1\" class=\"forminator-input\" data-required=\"\" aria-required=\"false\" value=\"\" \/><\/div><\/div><\/div><div class=\"forminator-row\" data-multiple=\"true\"><div class=\"forminator-col forminator-col-6\"><div class=\"forminator-field\"><label for=\"forminator-field-cityaddress-1\" class=\"forminator-label\">Ciudad<\/label><input type=\"text\" name=\"address-1-city\" placeholder=\"Ejemplo: Tame\" id=\"forminator-field-cityaddress-1\" class=\"forminator-input\" data-required=\"\" aria-required=\"false\" value=\"\" \/><\/div><\/div><div class=\"forminator-col forminator-col-6\"><div class=\"forminator-field\"><label for=\"forminator-field-state-address-1\" class=\"forminator-label\">Departamento<\/label><input type=\"text\" name=\"address-1-state\" placeholder=\"Ejemplo: Arauca\" id=\"forminator-field-state-address-1\" class=\"forminator-input\" data-required=\"\" aria-required=\"false\" value=\"\" \/><\/div><\/div><\/div><\/div><\/div><div class=\"forminator-row\"><div id=\"radio-1\" class=\"forminator-col forminator-col-12 \"><div role=\"radiogroup\" class=\"forminator-field\" aria-labelledby=\"forminator-radiogroup-69f360dbcdc2a-label\"><span id=\"forminator-radiogroup-69f360dbcdc2a-label\" class=\"forminator-label\">Nivel de Formacion Academico <span class=\"forminator-required\">*<\/span><\/span><label for=\"forminator-field-radio-1-1-69f360dbcdc2a\" class=\"forminator-radio\" title=\"Primaria\"><input type=\"radio\" name=\"radio-1\" value=\"Primaria\" id=\"forminator-field-radio-1-1-69f360dbcdc2a\" data-calculation=\"0\"  \/><span class=\"forminator-radio-bullet\" aria-hidden=\"true\"><\/span><span class=\"forminator-radio-label\">Primaria<\/span><\/label><label for=\"forminator-field-radio-1-2-69f360dbcdc2a\" class=\"forminator-radio\" title=\"Secundaria\"><input type=\"radio\" name=\"radio-1\" value=\"Secundaria\" id=\"forminator-field-radio-1-2-69f360dbcdc2a\" data-calculation=\"0\"  \/><span class=\"forminator-radio-bullet\" aria-hidden=\"true\"><\/span><span class=\"forminator-radio-label\">Secundaria<\/span><\/label><label for=\"forminator-field-radio-1-3-69f360dbcdc2a\" class=\"forminator-radio\" title=\"T\u00e9cnico\"><input type=\"radio\" name=\"radio-1\" value=\"T\u00e9cnico\" id=\"forminator-field-radio-1-3-69f360dbcdc2a\" data-calculation=\"0\"  \/><span class=\"forminator-radio-bullet\" aria-hidden=\"true\"><\/span><span class=\"forminator-radio-label\">T\u00e9cnico<\/span><\/label><label for=\"forminator-field-radio-1-4-69f360dbcdc2a\" class=\"forminator-radio\" title=\"Tecn\u00f3logo\"><input type=\"radio\" name=\"radio-1\" value=\"Tecn\u00f3logo\" id=\"forminator-field-radio-1-4-69f360dbcdc2a\" data-calculation=\"0\"  \/><span class=\"forminator-radio-bullet\" aria-hidden=\"true\"><\/span><span class=\"forminator-radio-label\">Tecn\u00f3logo<\/span><\/label><label for=\"forminator-field-radio-1-5-69f360dbcdc2a\" class=\"forminator-radio\" title=\"Prefesional Universitario\"><input type=\"radio\" name=\"radio-1\" value=\"Prefesional-Universitario\" id=\"forminator-field-radio-1-5-69f360dbcdc2a\" data-calculation=\"0\"  \/><span class=\"forminator-radio-bullet\" aria-hidden=\"true\"><\/span><span class=\"forminator-radio-label\">Prefesional Universitario<\/span><\/label><label for=\"forminator-field-radio-1-6-69f360dbcdc2a\" class=\"forminator-radio\" title=\"No tiene\"><input type=\"radio\" name=\"radio-1\" value=\"No-tiene\" id=\"forminator-field-radio-1-6-69f360dbcdc2a\" data-calculation=\"0\"  \/><span class=\"forminator-radio-bullet\" aria-hidden=\"true\"><\/span><span class=\"forminator-radio-label\">No tiene<\/span><\/label><span class=\"forminator-description\" aria-describedby=\"\">Seleccione su nivel de formacion academica<\/span><\/div><\/div><\/div><div class=\"forminator-row\"><div id=\"upload-1\" class=\"forminator-col forminator-col-12 \"><div class=\"forminator-field\"><label for=\"forminator-field-upload-1\" class=\"forminator-label\">Subir Hoja de Vida <span class=\"forminator-required\">*<\/span><\/label><div class=\"forminator-file-upload \" data-element=\"upload-1\"><input type=\"file\" name=\"upload-1\" id=\"forminator-field-upload-1\" class=\"forminator-input-file-required do-validate\" accept=\".jpg,.jpeg,.jpe,.gif,.png,.bmp,.tiff,.tif,.ico,.asf,.asx,.wmv,.wmx,.wm,.avi,.divx,.flv,.mov,.qt,.mpeg,.mpg,.mpe,.mp4,.m4v,.ogv,.webm,.mkv,.3gp,.3gpp,.3g2,.3gp2,.txt,.asc,.c,.cc,.h,.srt,.csv,.tsv,.ics,.rtx,.css,.htm,.html,.vtt,.dfxp,.mp3,.m4a,.m4b,.aac,.ra,.ram,.wav,.ogg,.oga,.flac,.mid,.midi,.wma,.wax,.mka,.rtf,.js,.pdf,.class,.tar,.zip,.gz,.gzip,.rar,.7z,.psd,.xcf,.doc,.pot,.pps,.ppt,.wri,.xla,.xls,.xlt,.xlw,.mdb,.mpp,.docx,.docm,.dotx,.dotm,.xlsx,.xlsm,.xlsb,.xltx,.xltm,.xlam,.pptx,.pptm,.ppsx,.ppsm,.potx,.potm,.ppam,.sldx,.sldm,.onetoc,.onetoc2,.onetmp,.onepkg,.oxps,.xps,.odt,.odp,.ods,.odg,.odc,.odb,.odf,.wp,.wpd,.key,.numbers,.pages,.svg,.json\"><button id=\"forminator-field-upload-1_button\" class=\"forminator-button forminator-button-upload\" data-id=\"forminator-field-upload-1\">Elegir archivo<\/button><span data-empty-text=\"Ning\u00fan archivo seleccionado\">Ning\u00fan archivo seleccionado<\/span><button class=\"forminator-button-delete\" style=\"display: none;\"><i class=\"forminator-icon-close\" aria-hidden=\"true\"><\/i><span class=\"forminator-screen-reader-only\">Eliminar el archivo subido<\/span><\/button><\/div><span class=\"forminator-description\" aria-describedby=\"forminator-field-upload-1\">Sube tu Hoja de Vida en Formato PDF o Word<\/span><\/div><\/div><\/div><div class=\"forminator-row\"><div id=\"checkbox-1\" class=\"forminator-col forminator-col-12 \"><div role=\"group\" class=\"forminator-field\" aria-labelledby=\"forminator-checkbox-group-69f360dbce018-label\"><h4 id=\"forminator-checkbox-group-69f360dbce018-label\" class=\"forminator-label\">Acepto las pol\u00edticas de tratamiento de datos personales de CARIBABARE E.S.P *<\/h4><label for=\"forminator-field-checkbox-1-1-69f360dbce018\" class=\"forminator-checkbox\" title=\"Acepto\"><input type=\"checkbox\" name=\"checkbox-1[]\" value=\"Acepto\" id=\"forminator-field-checkbox-1-1-69f360dbce018\" data-calculation=\"0\"  \/><span class=\"forminator-checkbox-box\" aria-hidden=\"true\"><\/span><span class=\"forminator-checkbox-label\">Acepto<\/span><\/label><span class=\"forminator-description\" aria-describedby=\"\">Los campos marcados con asterisco (*) son obligatorios<\/span><\/div><\/div><\/div><input type=\"hidden\" name=\"referer_url\" value=\"\" \/><div class=\"forminator-row forminator-row-last\"><div class=\"forminator-col\"><div class=\"forminator-field\"><span class=\"forminator-screen-reader-only\" role=\"note\">Este formulario te redirigir\u00e1 a otra p\u00e1gina una vez lo env\u00edes.<\/span><button class=\"forminator-button forminator-button-submit\">Enviar<\/button><\/div><\/div><\/div><input type=\"hidden\" id=\"forminator_nonce\" name=\"forminator_nonce\" value=\"15c02ec3ee\" \/><input type=\"hidden\" name=\"_wp_http_referer\" value=\"\/esp\/wp-json\/wp\/v2\/pages\/1345\" \/><input type=\"hidden\" name=\"form_id\" value=\"1352\"><input type=\"hidden\" name=\"page_id\" value=\"1345\"><input type=\"hidden\" name=\"form_type\" value=\"default\"><input type=\"hidden\" name=\"current_url\" value=\"https:\/\/caribabare.gov.co\/esp\/wp-json\/wp\/v2\/pages\/1345\/\"><input type=\"hidden\" name=\"render_id\" value=\"0\"><input type=\"hidden\" name=\"action\" value=\"forminator_submit_form_custom-forms\"><\/form><\/div>\n\t\t\t\t<\/div>\n\t\t\t\t<\/div>\n\t\t\t\t\t\t<\/div>\n\t\t\t\t\t<\/div>\n\t\t<\/div>\n\t\t\t\t\t\t\t\t<\/div>\n\t\t\t\t\t<\/div>\n\t\t<\/section>\n\t\t\t\t\t\t\t\t\t<\/div>\n\t\t\t<\/div>\n\t\t\t\t\t<\/div>\n\t\t","protected":false},"excerpt":{"rendered":"","protected":false},"author":2,"featured_media":0,"parent":0,"menu_order":0,"comment_status":"closed","ping_status":"closed","template":"","meta":[],"_links":{"self":[{"href":"https:\/\/caribabare.gov.co\/esp\/wp-json\/wp\/v2\/pages\/1345"}],"collection":[{"href":"https:\/\/caribabare.gov.co\/esp\/wp-json\/wp\/v2\/pages"}],"about":[{"href":"https:\/\/caribabare.gov.co\/esp\/wp-json\/wp\/v2\/types\/page"}],"author":[{"embeddable":true,"href":"https:\/\/caribabare.gov.co\/esp\/wp-json\/wp\/v2\/users\/2"}],"replies":[{"embeddable":true,"href":"https:\/\/caribabare.gov.co\/esp\/wp-json\/wp\/v2\/comments?post=1345"}],"version-history":[{"count":7,"href":"https:\/\/caribabare.gov.co\/esp\/wp-json\/wp\/v2\/pages\/1345\/revisions"}],"predecessor-version":[{"id":1364,"href":"https:\/\/caribabare.gov.co\/esp\/wp-json\/wp\/v2\/pages\/1345\/revisions\/1364"}],"wp:attachment":[{"href":"https:\/\/caribabare.gov.co\/esp\/wp-json\/wp\/v2\/media?parent=1345"}],"curies":[{"name":"wp","href":"https:\/\/api.w.org\/{rel}","templated":true}]}}